{"id":24786,"date":"2025-01-15T13:20:59","date_gmt":"2025-01-15T12:20:59","guid":{"rendered":"https:\/\/shop.b4-distribution.com\/produkt\/pig-hog-amplifier-grill-instrument-cable-10ft-right-angle\/"},"modified":"2026-04-02T16:37:54","modified_gmt":"2026-04-02T14:37:54","slug":"pig-hog-amplifier-grill-instrument-cable-10ft-right-angle","status":"publish","type":"product","link":"https:\/\/b4-distribution.com\/en\/produkt\/pig-hog-amplifier-grill-instrument-cable-10ft-right-angle\/","title":{"rendered":"Pig Hog &#8220;Amplifier Grill&#8221; Instrument Cable, 10ft. Right Angle"},"content":{"rendered":"<p>&nbsp;<\/p>\n<p><b><span>Pig Hog Vintage-Kabel<\/span><\/b><span>&nbsp;bieten&nbsp;<b>h\u00f6chste Qualit\u00e4t zu einem hervorragenden Preis-Leistungs-Verh\u00e4ltnis<\/b>.&nbsp;Sie halten den h\u00e4rtesten Tourbedingungen stand und sind in zahlreichen Designs und Farben erh\u00e4ltlich. Bei der Herstellung wird vor allem auf eine hochwertige Verarbeitung und damit Langlebigkeit wert gelegt. Der Textilmantel franst nicht aus, l\u00e4sst sich nicht knicken oder verheddern. Die Pig Hog eigene OFC-Leitertechnologie und die robuste Abschirmung sorgen f\u00fcr einen kristallklaren Sound ohne Rauschen oder St\u00f6rungen. Jedes Kabel wird vor dem Versand von Hand getestet und auf Qualit\u00e4t gepr\u00fcft!&nbsp;<\/span><\/p>\n<p><b><span>Features<\/span><\/b><span>&nbsp;<\/span><\/p>\n<ul>\n<li><span>Hochwertiges Instrumentenkabel      7 mm, L\u00e4nge 3 m<\/span><\/li>\n<li><span>Gewebte Textilummantelung<\/span><\/li>\n<li>Vergoldete 6,3 mm      <b>Winkelstecker\/Klinkenstecker mono<\/b><\/li>\n<\/ul>\n<p><span>&nbsp;<\/span><\/p>\n<p><span><b>Pig Hog Vintage cables<\/b> offer the highest quality at an excellent price-performance ratio. They can withstand the toughest touring conditions and are available in numerous designs and colors. During production, particular emphasis is placed on high-quality workmanship and therefore durability. The textile cover does not fray and cannot be kinked or tangled. Pig Hog&#8217;s own OFC conductor technology and robust shielding ensure crystal-clear sound without noise or interference. Every cable is tested by hand and checked for quality before shipping! <\/span><\/p>\n<p><b><span>Features<\/span><\/b><\/p>\n<\/p>\n<ul>\n<li><span><span><span>H<\/span><\/span><\/span><span>igh-quality instrument cable 7 mm, length 3 m<\/span><\/li>\n<li><span><span><span>w<\/span><\/span><\/span><span>oven textile sheathing<\/span><\/li>\n<li><span><span>G<\/span><\/span>old-plated 6.3 mm <b>angled plug\/jack plug mono<\/b><\/li>\n<\/ul>\n<p><span>&nbsp;<\/span><\/p>\n<p>&nbsp;<\/p>\n<p>&nbsp;<\/p>\n","protected":false},"excerpt":{"rendered":"<p>SRP: 23,90 \u20ac<\/p>\n","protected":false},"featured_media":24784,"template":"","meta":{"_acf_changed":false},"product_brand":[],"product_cat":[197,169],"product_tag":[],"class_list":{"0":"post-24786","1":"product","2":"type-product","3":"status-publish","4":"has-post-thumbnail","6":"product_cat-cables","7":"product_cat-pig-hog-en","8":"pa_0_0-manufacturer-pig-hog","9":"pa_serie-vintage-cables-en","11":"first","12":"onbackorder","13":"taxable","14":"shipping-taxable","15":"purchasable","16":"product-type-simple"},"acf":[],"_links":{"self":[{"href":"https:\/\/b4-distribution.com\/en\/wp-json\/wp\/v2\/product\/24786","targetHints":{"allow":["GET"]}}],"collection":[{"href":"https:\/\/b4-distribution.com\/en\/wp-json\/wp\/v2\/product"}],"about":[{"href":"https:\/\/b4-distribution.com\/en\/wp-json\/wp\/v2\/types\/product"}],"wp:featuredmedia":[{"embeddable":true,"href":"https:\/\/b4-distribution.com\/en\/wp-json\/wp\/v2\/media\/24784"}],"wp:attachment":[{"href":"https:\/\/b4-distribution.com\/en\/wp-json\/wp\/v2\/media?parent=24786"}],"wp:term":[{"taxonomy":"product_brand","embeddable":true,"href":"https:\/\/b4-distribution.com\/en\/wp-json\/wp\/v2\/product_brand?post=24786"},{"taxonomy":"product_cat","embeddable":true,"href":"https:\/\/b4-distribution.com\/en\/wp-json\/wp\/v2\/product_cat?post=24786"},{"taxonomy":"product_tag","embeddable":true,"href":"https:\/\/b4-distribution.com\/en\/wp-json\/wp\/v2\/product_tag?post=24786"}],"curies":[{"name":"wp","href":"https:\/\/api.w.org\/{rel}","templated":true}]}}